{"id":2814,"date":"2023-12-20T21:59:56","date_gmt":"2023-12-20T20:59:56","guid":{"rendered":"https:\/\/www.mezibuky.cz\/wellness\/"},"modified":"2025-01-07T12:10:01","modified_gmt":"2025-01-07T11:10:01","slug":"wellness","status":"publish","type":"page","link":"https:\/\/www.mezibuky.cz\/pl\/wellness\/","title":{"rendered":"Wellness"},"content":{"rendered":"\t\t<div data-elementor-type=\"wp-page\" data-elementor-id=\"2814\" class=\"elementor elementor-2814 elementor-1831\" data-elementor-post-type=\"page\">\n\t\t\t\t\t\t<section data-dce-background-color=\"#232323\" data-dce-background-overlay-color=\"#000000\" data-dce-background-image-url=\"https:\/\/www.mezibuky.cz\/wp-content\/uploads\/2021\/04\/14-1.jpg\" class=\"elementor-section elementor-top-section elementor-element elementor-element-5f4d4e4f elementor-section-full_width elementor-section-height-min-height elementor-section-height-default elementor-section-items-middle\" data-id=\"5f4d4e4f\" data-element_type=\"section\" data-settings=\"{&quot;background_background&quot;:&quot;classic&quot;}\">\n\t\t\t\t\t\t\t<div class=\"elementor-background-overlay\"><\/div>\n\t\t\t\t\t\t\t<div class=\"elementor-container elementor-column-gap-default\">\n\t\t\t\t\t<div class=\"elementor-column elementor-col-100 elementor-top-column elementor-element elementor-element-3e601125\" data-id=\"3e601125\" data-element_type=\"column\">\n\t\t\t<div class=\"elementor-widget-wrap elementor-element-populated\">\n\t\t\t\t\t\t<div class=\"elementor-element elementor-element-797063f5 elementor-widget elementor-widget-spacer\" data-id=\"797063f5\" data-element_type=\"widget\" data-widget_type=\"spacer.default\">\n\t\t\t\t<div class=\"elementor-widget-container\">\n\t\t\t<style>\/*! elementor - v3.19.0 - 07-02-2024 *\/\n.elementor-column .elementor-spacer-inner{height:var(--spacer-size)}.e-con{--container-widget-width:100%}.e-con-inner>.elementor-widget-spacer,.e-con>.elementor-widget-spacer{width:var(--container-widget-width,var(--spacer-size));--align-self:var(--container-widget-align-self,initial);--flex-shrink:0}.e-con-inner>.elementor-widget-spacer>.elementor-widget-container,.e-con>.elementor-widget-spacer>.elementor-widget-container{height:100%;width:100%}.e-con-inner>.elementor-widget-spacer>.elementor-widget-container>.elementor-spacer,.e-con>.elementor-widget-spacer>.elementor-widget-container>.elementor-spacer{height:100%}.e-con-inner>.elementor-widget-spacer>.elementor-widget-container>.elementor-spacer>.elementor-spacer-inner,.e-con>.elementor-widget-spacer>.elementor-widget-container>.elementor-spacer>.elementor-spacer-inner{height:var(--container-widget-height,var(--spacer-size))}.e-con-inner>.elementor-widget-spacer.elementor-widget-empty,.e-con>.elementor-widget-spacer.elementor-widget-empty{position:relative;min-height:22px;min-width:22px}.e-con-inner>.elementor-widget-spacer.elementor-widget-empty .elementor-widget-empty-icon,.e-con>.elementor-widget-spacer.elementor-widget-empty .elementor-widget-empty-icon{position:absolute;top:0;bottom:0;left:0;right:0;margin:auto;padding:0;width:22px;height:22px}<\/style>\t\t<div class=\"elementor-spacer\">\n\t\t\t<div class=\"elementor-spacer-inner\"><\/div>\n\t\t<\/div>\n\t\t\t\t<\/div>\n\t\t\t\t<\/div>\n\t\t\t\t<div class=\"elementor-element elementor-element-2d5d41ad elementor-widget elementor-widget-spacer\" data-id=\"2d5d41ad\" data-element_type=\"widget\" data-widget_type=\"spacer.default\">\n\t\t\t\t<div class=\"elementor-widget-container\">\n\t\t\t\t\t<div class=\"elementor-spacer\">\n\t\t\t<div class=\"elementor-spacer-inner\"><\/div>\n\t\t<\/div>\n\t\t\t\t<\/div>\n\t\t\t\t<\/div>\n\t\t\t\t<div class=\"elementor-element elementor-element-db1d325 elementor-view-default elementor-position-top elementor-widget elementor-widget-themo-header\" data-id=\"db1d325\" data-element_type=\"widget\" data-widget_type=\"themo-header.default\">\n\t\t\t\t<div class=\"elementor-widget-container\">\n\t\t\t\t\t<div class=\"th-header-wrap\">\n        <div class=\"elementor-icon-box-wrapper \">\n                            <div class=\"elementor-icon-box-content\">\n                    <h1 class=\"elementor-icon-box-title\">\n                        Wellness                    <\/h1>\n                                        <p class=\"elementor-icon-box-description\"><\/p>\n\n                                    <\/div>\n            <\/div>\n\n        <\/div>\n\n\t\t\t\t<\/div>\n\t\t\t\t<\/div>\n\t\t\t\t\t<\/div>\n\t\t<\/div>\n\t\t\t\t\t<\/div>\n\t\t<\/section>\n\t\t<div class=\"elementor-element elementor-element-c4e0d1c e-flex e-con-boxed e-con e-parent\" data-id=\"c4e0d1c\" data-element_type=\"container\" data-settings=\"{&quot;background_background&quot;:&quot;classic&quot;,&quot;container_type&quot;:&quot;flex&quot;,&quot;content_width&quot;:&quot;boxed&quot;}\" data-core-v316-plus=\"true\">\n\t\t\t\t\t<div class=\"e-con-inner\">\n\t\t<div class=\"elementor-element elementor-element-a492ad4 e-con-full e-flex e-con e-child\" data-id=\"a492ad4\" data-element_type=\"container\" data-settings=\"{&quot;content_width&quot;:&quot;full&quot;,&quot;container_type&quot;:&quot;flex&quot;}\">\n\t\t\t\t<div class=\"elementor-element elementor-element-d7fc696 elementor-view-default elementor-position-top elementor-widget elementor-widget-themo-header\" data-id=\"d7fc696\" data-element_type=\"widget\" data-widget_type=\"themo-header.default\">\n\t\t\t\t<div class=\"elementor-widget-container\">\n\t\t\t\t\t<div class=\"th-header-wrap\">\n        <div class=\"elementor-icon-box-wrapper \">\n                            <div class=\"elementor-icon-box-content\">\n                    <h2 class=\"elementor-icon-box-title\">\n                        Prywatna sauna                    <\/h2>\n                                        <p class=\"elementor-icon-box-description\">dla 4 os\u00f3b<\/p>\n\n                                    <\/div>\n            <\/div>\n\n        <\/div>\n\n\t\t\t\t<\/div>\n\t\t\t\t<\/div>\n\t\t\t\t<\/div>\n\t\t\t\t\t<\/div>\n\t\t\t\t<\/div>\n\t\t\t\t<section class=\"elementor-section elementor-top-section elementor-element elementor-element-c9a6f37 elementor-section-boxed elementor-section-height-default elementor-section-height-default\" data-id=\"c9a6f37\" data-element_type=\"section\" data-settings=\"{&quot;background_background&quot;:&quot;classic&quot;}\">\n\t\t\t\t\t\t<div class=\"elementor-container elementor-column-gap-default\">\n\t\t\t\t\t<div class=\"elementor-column elementor-col-100 elementor-top-column elementor-element elementor-element-77a8946\" data-id=\"77a8946\" data-element_type=\"column\">\n\t\t\t<div class=\"elementor-widget-wrap elementor-element-populated\">\n\t\t\t\t\t\t<section class=\"elementor-section elementor-inner-section elementor-element elementor-element-ea055d1 elementor-section-boxed elementor-section-height-default elementor-section-height-default\" data-id=\"ea055d1\" data-element_type=\"section\">\n\t\t\t\t\t\t<div class=\"elementor-container elementor-column-gap-no\">\n\t\t\t\t\t<div class=\"elementor-column elementor-col-50 elementor-inner-column elementor-element elementor-element-9627c11\" data-id=\"9627c11\" data-element_type=\"column\">\n\t\t\t<div class=\"elementor-widget-wrap elementor-element-populated\">\n\t\t\t\t\t\t<div class=\"elementor-element elementor-element-08c536e elementor-widget elementor-widget-image\" data-id=\"08c536e\" data-element_type=\"widget\" data-widget_type=\"image.default\">\n\t\t\t\t<div class=\"elementor-widget-container\">\n\t\t\t<style>\/*! elementor - v3.19.0 - 07-02-2024 *\/\n.elementor-widget-image{text-align:center}.elementor-widget-image a{display:inline-block}.elementor-widget-image a img[src$=\".svg\"]{width:48px}.elementor-widget-image img{vertical-align:middle;display:inline-block}<\/style>\t\t\t\t\t\t\t\t\t\t<img fetchpriority=\"high\" decoding=\"async\" width=\"1024\" height=\"683\" src=\"https:\/\/www.mezibuky.cz\/wp-content\/uploads\/2021\/04\/14-1-1024x683.jpg\" class=\"attachment-large size-large wp-image-1746\" alt=\"\" srcset=\"https:\/\/www.mezibuky.cz\/wp-content\/uploads\/2021\/04\/14-1-1024x683.jpg 1024w, https:\/\/www.mezibuky.cz\/wp-content\/uploads\/2021\/04\/14-1-300x200.jpg 300w, https:\/\/www.mezibuky.cz\/wp-content\/uploads\/2021\/04\/14-1-768x513.jpg 768w, https:\/\/www.mezibuky.cz\/wp-content\/uploads\/2021\/04\/14-1-1536x1025.jpg 1536w, https:\/\/www.mezibuky.cz\/wp-content\/uploads\/2021\/04\/14-1-2048x1367.jpg 2048w, https:\/\/www.mezibuky.cz\/wp-content\/uploads\/2021\/04\/14-1-180x120.jpg 180w, https:\/\/www.mezibuky.cz\/wp-content\/uploads\/2021\/04\/14-1-120x80.jpg 120w, https:\/\/www.mezibuky.cz\/wp-content\/uploads\/2021\/04\/14-1-394x263.jpg 394w, https:\/\/www.mezibuky.cz\/wp-content\/uploads\/2021\/04\/14-1-915x611.jpg 915w, https:\/\/www.mezibuky.cz\/wp-content\/uploads\/2021\/04\/14-1-1240x828.jpg 1240w, https:\/\/www.mezibuky.cz\/wp-content\/uploads\/2021\/04\/14-1-1618x1080.jpg 1618w\" sizes=\"(max-width: 1024px) 100vw, 1024px\" \/>\t\t\t\t\t\t\t\t\t\t\t\t\t<\/div>\n\t\t\t\t<\/div>\n\t\t\t\t\t<\/div>\n\t\t<\/div>\n\t\t\t\t<div class=\"elementor-column elementor-col-50 elementor-inner-column elementor-element elementor-element-fab7a2c\" data-id=\"fab7a2c\" data-element_type=\"column\">\n\t\t\t<div class=\"elementor-widget-wrap elementor-element-populated\">\n\t\t\t\t\t\t<div class=\"elementor-element elementor-element-84d1636 elementor-widget elementor-widget-heading\" data-id=\"84d1636\" data-element_type=\"widget\" data-widget_type=\"heading.default\">\n\t\t\t\t<div class=\"elementor-widget-container\">\n\t\t\t<style>\/*! elementor - v3.19.0 - 07-02-2024 *\/\n.elementor-heading-title{padding:0;margin:0;line-height:1}.elementor-widget-heading .elementor-heading-title[class*=elementor-size-]>a{color:inherit;font-size:inherit;line-height:inherit}.elementor-widget-heading .elementor-heading-title.elementor-size-small{font-size:15px}.elementor-widget-heading .elementor-heading-title.elementor-size-medium{font-size:19px}.elementor-widget-heading .elementor-heading-title.elementor-size-large{font-size:29px}.elementor-widget-heading .elementor-heading-title.elementor-size-xl{font-size:39px}.elementor-widget-heading .elementor-heading-title.elementor-size-xxl{font-size:59px}<\/style><h3 class=\"elementor-heading-title elementor-size-default\">Prywatna sauna<\/h3>\t\t<\/div>\n\t\t\t\t<\/div>\n\t\t\t\t<div class=\"elementor-element elementor-element-d07c1e4 elementor-view-default elementor-position-top elementor-widget elementor-widget-themo-header\" data-id=\"d07c1e4\" data-element_type=\"widget\" data-widget_type=\"themo-header.default\">\n\t\t\t\t<div class=\"elementor-widget-container\">\n\t\t\t\t\t<div class=\"th-header-wrap\">\n        <div class=\"elementor-icon-box-wrapper \">\n                            <div class=\"elementor-icon-box-content\">\n                    <h3 class=\"elementor-icon-box-title\">\n                                            <\/h3>\n                                        <p class=\"elementor-icon-box-description\">Opr\u00f3cz stylowego zakwaterowania oferujemy r\u00f3wnie\u017c luksusow\u0105 prywatn\u0105 saun\u0119, z kt\u00f3rej nasi go\u015bcie mog\u0105 korzysta\u0107 bezp\u0142atnie. Mo\u017ce pomie\u015bci\u0107 do 4 os\u00f3b i dlatego mo\u017ce si\u0119 nagrzewa\u0107. Obejmuje on relaksuj\u0105c\u0105 stref\u0119 wypoczynkow\u0105 oraz prysznic, r\u0119czniki i kosmetyki do mycia.\n\nSaun\u0119 mo\u017cna zarezerwowa\u0107 z wyprzedzeniem w centrum odnowy biologicznej.<\/p>\n\n                                    <\/div>\n            <\/div>\n\n        <\/div>\n\n\t\t\t\t<\/div>\n\t\t\t\t<\/div>\n\t\t\t\t<div class=\"elementor-element elementor-element-1a39346 elementor-widget elementor-widget-themo-room-info\" data-id=\"1a39346\" data-element_type=\"widget\" data-widget_type=\"themo-room-info.default\">\n\t\t\t\t<div class=\"elementor-widget-container\">\n\t\t\t\t\t<div class=\"th-tour-nav\">\n\n            \n            \n\t\t\t<div class=\"th-tour-nav-items\">\n\t\t\t\t                \t\t\t\t\t<span class=\"th-tour-nav-item\">\n                        <i aria-hidden=\"true\" class=\"fasth-trip th-prsn travelpack-person-plus\"><\/i>\t\t\t\t\t\t<span>dla 4 os\u00f3b<\/span>\n\t\t\t\t\t<\/span>\n                    \t\t\t\t\t<span class=\"th-tour-nav-item\">\n                        <i aria-hidden=\"true\" class=\"fasth-trip travelpack-shower-head-water\"><\/i>\t\t\t\t\t\t<span>Prysznic<\/span>\n\t\t\t\t\t<\/span>\n                    \t\t\t\t\t<span class=\"th-tour-nav-item\">\n                        <i aria-hidden=\"true\" class=\"th-trip travelpack th-trip travelpack-clothes-hanger\"><\/i>\t\t\t\t\t\t<span>R\u0119czniki<\/span>\n\t\t\t\t\t<\/span>\n                    \t\t\t\t\t<span class=\"th-tour-nav-item\">\n                        <i aria-hidden=\"true\" class=\"th-trip travelpack th-trip travelpack-suitcase\"><\/i>\t\t\t\t\t\t<span>Mycie kosmetyk\u00f3w<\/span>\n\t\t\t\t\t<\/span>\n                    \t\t\t<\/div>\n\t\t<\/div>\n\t\t\t\t<\/div>\n\t\t\t\t<\/div>\n\t\t\t\t\t<\/div>\n\t\t<\/div>\n\t\t\t\t\t<\/div>\n\t\t<\/section>\n\t\t\t\t\t<\/div>\n\t\t<\/div>\n\t\t\t\t\t<\/div>\n\t\t<\/section>\n\t\t\t\t<section class=\"elementor-section elementor-top-section elementor-element elementor-element-13e2885 elementor-section-boxed elementor-section-height-default elementor-section-height-default\" data-id=\"13e2885\" data-element_type=\"section\" data-settings=\"{&quot;background_background&quot;:&quot;classic&quot;}\">\n\t\t\t\t\t\t<div class=\"elementor-container elementor-column-gap-default\">\n\t\t\t\t\t<div class=\"elementor-column elementor-col-100 elementor-top-column elementor-element elementor-element-24a269d\" data-id=\"24a269d\" data-element_type=\"column\">\n\t\t\t<div class=\"elementor-widget-wrap elementor-element-populated\">\n\t\t\t\t\t\t<section class=\"elementor-section elementor-inner-section elementor-element elementor-element-46e89ee elementor-section-boxed elementor-section-height-default elementor-section-height-default\" data-id=\"46e89ee\" data-element_type=\"section\">\n\t\t\t\t\t\t<div class=\"elementor-container elementor-column-gap-no\">\n\t\t\t\t\t<div class=\"elementor-column elementor-col-50 elementor-inner-column elementor-element elementor-element-81c3f7d\" data-id=\"81c3f7d\" data-element_type=\"column\">\n\t\t\t<div class=\"elementor-widget-wrap elementor-element-populated\">\n\t\t\t\t\t\t<div class=\"elementor-element elementor-element-f5fa2a3 elementor-widget elementor-widget-heading\" data-id=\"f5fa2a3\" data-element_type=\"widget\" data-widget_type=\"heading.default\">\n\t\t\t\t<div class=\"elementor-widget-container\">\n\t\t\t<h3 class=\"elementor-heading-title elementor-size-default\">Ca\u0142oroczne podgrzewane jacuzzi<\/h3>\t\t<\/div>\n\t\t\t\t<\/div>\n\t\t\t\t<div class=\"elementor-element elementor-element-a26ecb9 elementor-view-default elementor-position-top elementor-widget elementor-widget-themo-header\" data-id=\"a26ecb9\" data-element_type=\"widget\" data-widget_type=\"themo-header.default\">\n\t\t\t\t<div class=\"elementor-widget-container\">\n\t\t\t\t\t<div class=\"th-header-wrap\">\n        <div class=\"elementor-icon-box-wrapper \">\n                            <div class=\"elementor-icon-box-content\">\n                    <h3 class=\"elementor-icon-box-title\">\n                                            <\/h3>\n                                        <p class=\"elementor-icon-box-description\">Podgrzewana wanna z hydromasa\u017cem dzia\u0142a przez ca\u0142y rok, umo\u017cliwiaj\u0105c nieko\u0144cz\u0105cy si\u0119 relaks po dniach wype\u0142nionych w\u0119dr\u00f3wkami lub jazd\u0105 na nartach.<\/p>\n\n                                    <\/div>\n            <\/div>\n\n        <\/div>\n\n\t\t\t\t<\/div>\n\t\t\t\t<\/div>\n\t\t\t\t<div class=\"elementor-element elementor-element-4a41ead elementor-widget elementor-widget-themo-room-info\" data-id=\"4a41ead\" data-element_type=\"widget\" data-widget_type=\"themo-room-info.default\">\n\t\t\t\t<div class=\"elementor-widget-container\">\n\t\t\t\t\t<div class=\"th-tour-nav\">\n\n            \n            \n\t\t\t<div class=\"th-tour-nav-items\">\n\t\t\t\t                \t\t\t\t\t<span class=\"th-tour-nav-item\">\n                        <i aria-hidden=\"true\" class=\"fasth-trip th-prsn travelpack-person-plus\"><\/i>\t\t\t\t\t\t<span>dla 4 os\u00f3b<\/span>\n\t\t\t\t\t<\/span>\n                    \t\t\t\t\t<span class=\"th-tour-nav-item\">\n                        <i aria-hidden=\"true\" class=\"fasth-trip travelpack-shower-head-water\"><\/i>\t\t\t\t\t\t<span>Prysznic<\/span>\n\t\t\t\t\t<\/span>\n                    \t\t\t<\/div>\n\t\t<\/div>\n\t\t\t\t<\/div>\n\t\t\t\t<\/div>\n\t\t\t\t\t<\/div>\n\t\t<\/div>\n\t\t\t\t<div class=\"elementor-column elementor-col-50 elementor-inner-column elementor-element elementor-element-80f5fbc\" data-id=\"80f5fbc\" data-element_type=\"column\">\n\t\t\t<div class=\"elementor-widget-wrap elementor-element-populated\">\n\t\t\t\t\t\t<div class=\"elementor-element elementor-element-35b5917 elementor-arrows-position-inside elementor-widget elementor-widget-image-carousel\" data-id=\"35b5917\" data-element_type=\"widget\" data-settings=\"{&quot;slides_to_show&quot;:&quot;1&quot;,&quot;navigation&quot;:&quot;arrows&quot;,&quot;autoplay&quot;:&quot;yes&quot;,&quot;pause_on_hover&quot;:&quot;yes&quot;,&quot;pause_on_interaction&quot;:&quot;yes&quot;,&quot;autoplay_speed&quot;:5000,&quot;infinite&quot;:&quot;yes&quot;,&quot;effect&quot;:&quot;slide&quot;,&quot;speed&quot;:500}\" data-widget_type=\"image-carousel.default\">\n\t\t\t\t<div class=\"elementor-widget-container\">\n\t\t\t<style>\/*! elementor - v3.19.0 - 07-02-2024 *\/\n.elementor-widget-image-carousel .swiper,.elementor-widget-image-carousel .swiper-container{position:static}.elementor-widget-image-carousel .swiper-container .swiper-slide figure,.elementor-widget-image-carousel .swiper .swiper-slide figure{line-height:inherit}.elementor-widget-image-carousel .swiper-slide{text-align:center}.elementor-image-carousel-wrapper:not(.swiper-container-initialized):not(.swiper-initialized) .swiper-slide{max-width:calc(100% \/ var(--e-image-carousel-slides-to-show, 3))}<\/style>\t\t<div class=\"elementor-image-carousel-wrapper swiper\" dir=\"ltr\">\n\t\t\t<div class=\"elementor-image-carousel swiper-wrapper\" aria-live=\"off\">\n\t\t\t\t\t\t\t\t<div class=\"swiper-slide\" role=\"group\" aria-roledescription=\"slide\" aria-label=\"1 of 5\"><figure class=\"swiper-slide-inner\"><img decoding=\"async\" class=\"swiper-slide-image\" src=\"https:\/\/www.mezibuky.cz\/wp-content\/uploads\/2025\/01\/IMG-20250106-WA00942-605x605.jpg\" alt=\"IMG-20250106-WA0094~2\" \/><\/figure><\/div><div class=\"swiper-slide\" role=\"group\" aria-roledescription=\"slide\" aria-label=\"2 of 5\"><figure class=\"swiper-slide-inner\"><img decoding=\"async\" class=\"swiper-slide-image\" src=\"https:\/\/www.mezibuky.cz\/wp-content\/uploads\/2025\/01\/IMG-20250106-WA00932-605x605.jpg\" alt=\"IMG-20250106-WA0093~2\" \/><\/figure><\/div><div class=\"swiper-slide\" role=\"group\" aria-roledescription=\"slide\" aria-label=\"3 of 5\"><figure class=\"swiper-slide-inner\"><img decoding=\"async\" class=\"swiper-slide-image\" src=\"https:\/\/www.mezibuky.cz\/wp-content\/uploads\/2024\/11\/3abc9bfc-87de-4dfb-9991-5faba720fab7-605x605.jpeg\" alt=\"3abc9bfc-87de-4dfb-9991-5faba720fab7\" \/><\/figure><\/div><div class=\"swiper-slide\" role=\"group\" aria-roledescription=\"slide\" aria-label=\"4 of 5\"><figure class=\"swiper-slide-inner\"><img decoding=\"async\" class=\"swiper-slide-image\" src=\"https:\/\/www.mezibuky.cz\/wp-content\/uploads\/2025\/01\/IMG-20250107-WA00222-605x605.jpg\" alt=\"IMG-20250107-WA0022~2\" \/><\/figure><\/div><div class=\"swiper-slide\" role=\"group\" aria-roledescription=\"slide\" aria-label=\"5 of 5\"><figure class=\"swiper-slide-inner\"><img decoding=\"async\" class=\"swiper-slide-image\" src=\"https:\/\/www.mezibuky.cz\/wp-content\/uploads\/2025\/01\/IMG-20250107-WA00182-605x605.jpg\" alt=\"IMG-20250107-WA0018~2\" \/><\/figure><\/div>\t\t\t<\/div>\n\t\t\t\t\t\t\t\t\t\t\t\t<div class=\"elementor-swiper-button elementor-swiper-button-prev\" role=\"button\" tabindex=\"0\">\n\t\t\t\t\t\t<i aria-hidden=\"true\" class=\"eicon-chevron-left\"><\/i>\t\t\t\t\t<\/div>\n\t\t\t\t\t<div class=\"elementor-swiper-button elementor-swiper-button-next\" role=\"button\" tabindex=\"0\">\n\t\t\t\t\t\t<i aria-hidden=\"true\" class=\"eicon-chevron-right\"><\/i>\t\t\t\t\t<\/div>\n\t\t\t\t\n\t\t\t\t\t\t\t\t\t<\/div>\n\t\t\t\t<\/div>\n\t\t\t\t<\/div>\n\t\t\t\t\t<\/div>\n\t\t<\/div>\n\t\t\t\t\t<\/div>\n\t\t<\/section>\n\t\t\t\t\t<\/div>\n\t\t<\/div>\n\t\t\t\t\t<\/div>\n\t\t<\/section>\n\t\t\t\t<\/div>\n\t\t","protected":false},"excerpt":{"rendered":"<p>Wellness Prywatna sauna dla 4 os\u00f3b Prywatna sauna Opr\u00f3cz stylowego zakwaterowania oferujemy r\u00f3wnie\u017c luksusow\u0105 prywatn\u0105 saun\u0119, z kt\u00f3rej nasi go\u015bcie mog\u0105 korzysta\u0107 bezp\u0142atnie. Mo\u017ce pomie\u015bci\u0107 do 4 os\u00f3b i dlatego mo\u017ce si\u0119 nagrzewa\u0107. Obejmuje on relaksuj\u0105c\u0105 stref\u0119 wypoczynkow\u0105 oraz prysznic, &hellip; <a href=\"https:\/\/www.mezibuky.cz\/pl\/wellness\/\">Read More<\/a><\/p>\n","protected":false},"author":1,"featured_media":0,"parent":0,"menu_order":0,"comment_status":"closed","ping_status":"closed","template":"","meta":{"_acf_changed":false,"_seopress_robots_primary_cat":"","_seopress_titles_title":"","_seopress_titles_desc":"Przyjrzyj si\u0119 projektom naszych pokoi i wybierz ten, kt\u00f3ry najlepiej pasuje do Twojego stylu. \u0141\u0105czymy art deco z nowoczesnym stylem skandynawskim.","_seopress_robots_index":"","footnotes":""},"acf":[],"_links":{"self":[{"href":"https:\/\/www.mezibuky.cz\/pl\/wp-json\/wp\/v2\/pages\/2814"}],"collection":[{"href":"https:\/\/www.mezibuky.cz\/pl\/wp-json\/wp\/v2\/pages"}],"about":[{"href":"https:\/\/www.mezibuky.cz\/pl\/wp-json\/wp\/v2\/types\/page"}],"author":[{"embeddable":true,"href":"https:\/\/www.mezibuky.cz\/pl\/wp-json\/wp\/v2\/users\/1"}],"replies":[{"embeddable":true,"href":"https:\/\/www.mezibuky.cz\/pl\/wp-json\/wp\/v2\/comments?post=2814"}],"version-history":[{"count":4,"href":"https:\/\/www.mezibuky.cz\/pl\/wp-json\/wp\/v2\/pages\/2814\/revisions"}],"predecessor-version":[{"id":3058,"href":"https:\/\/www.mezibuky.cz\/pl\/wp-json\/wp\/v2\/pages\/2814\/revisions\/3058"}],"wp:attachment":[{"href":"https:\/\/www.mezibuky.cz\/pl\/wp-json\/wp\/v2\/media?parent=2814"}],"curies":[{"name":"wp","href":"https:\/\/api.w.org\/{rel}","templated":true}]}}