{"id":2819,"date":"2021-04-19T23:57:04","date_gmt":"2021-04-19T21:57:04","guid":{"rendered":"https:\/\/www.mezibuky.cz\/rezerwacja\/"},"modified":"2024-01-22T21:45:35","modified_gmt":"2024-01-22T20:45:35","slug":"rezerwacja","status":"publish","type":"page","link":"https:\/\/www.mezibuky.cz\/pl\/rezerwacja\/","title":{"rendered":"Rezerwacja"},"content":{"rendered":"\t\t<div data-elementor-type=\"wp-page\" data-elementor-id=\"2819\" class=\"elementor elementor-2819 elementor-436\" data-elementor-post-type=\"page\">\n\t\t\t\t\t\t<section data-dce-background-image-url=\"https:\/\/www.mezibuky.cz\/wp-content\/uploads\/2021\/04\/dubina.png\" class=\"elementor-section elementor-top-section elementor-element elementor-element-9d82499 elementor-section-height-min-height elementor-section-boxed elementor-section-height-default elementor-section-items-middle\" data-id=\"9d82499\" data-element_type=\"section\" data-settings=\"{&quot;background_background&quot;:&quot;classic&quot;}\">\n\t\t\t\t\t\t\t<div class=\"elementor-background-overlay\"><\/div>\n\t\t\t\t\t\t\t<div class=\"elementor-container elementor-column-gap-default\">\n\t\t\t\t\t<div class=\"elementor-column elementor-col-100 elementor-top-column elementor-element elementor-element-2e951f1\" data-id=\"2e951f1\" data-element_type=\"column\">\n\t\t\t<div class=\"elementor-widget-wrap elementor-element-populated\">\n\t\t\t\t\t\t<div class=\"elementor-element elementor-element-285244d elementor-widget elementor-widget-dce-rawphp\" data-id=\"285244d\" data-element_type=\"widget\" data-widget_type=\"dce-rawphp.default\">\n\t\t\t\t<div class=\"elementor-widget-container\">\n\t\t\t<!-- Dynamic PHP Raw --><div id=\"mevris-booking-engine\" data-lang=\"en\" data-color=\"f15c5d\" data-id=\"284dfbac12f8b546d2ddb2e635776b97\" data-add-gtag=\"GTM-T939ZDL\" data-arrival-date=\"\" data-departure-date=\"\" data-roomtype=\"\"><\/div><script src=\"https:\/\/ibe.better-hotel.com\/app\/iframe\/iframe.js\" type=\"text\/javascript\"><\/script>\t\t<\/div>\n\t\t\t\t<\/div>\n\t\t\t\t\t<\/div>\n\t\t<\/div>\n\t\t\t\t\t<\/div>\n\t\t<\/section>\n\t\t\t\t<\/div>\n\t\t","protected":false},"excerpt":{"rendered":"","protected":false},"author":1,"featured_media":0,"parent":0,"menu_order":0,"comment_status":"closed","ping_status":"closed","template":"","meta":{"_acf_changed":false,"_seopress_robots_primary_cat":"","_seopress_titles_title":"","_seopress_titles_desc":"Zarezerwuj jeden z naszych o\u015bmiu pokoi za po\u015brednictwem naszego systemu rezerwacji. Wygodna i prosta rezerwacja od pocz\u0105tku do ko\u0144ca.","_seopress_robots_index":"","footnotes":""},"acf":[],"_links":{"self":[{"href":"https:\/\/www.mezibuky.cz\/pl\/wp-json\/wp\/v2\/pages\/2819"}],"collection":[{"href":"https:\/\/www.mezibuky.cz\/pl\/wp-json\/wp\/v2\/pages"}],"about":[{"href":"https:\/\/www.mezibuky.cz\/pl\/wp-json\/wp\/v2\/types\/page"}],"author":[{"embeddable":true,"href":"https:\/\/www.mezibuky.cz\/pl\/wp-json\/wp\/v2\/users\/1"}],"replies":[{"embeddable":true,"href":"https:\/\/www.mezibuky.cz\/pl\/wp-json\/wp\/v2\/comments?post=2819"}],"version-history":[{"count":9,"href":"https:\/\/www.mezibuky.cz\/pl\/wp-json\/wp\/v2\/pages\/2819\/revisions"}],"predecessor-version":[{"id":2918,"href":"https:\/\/www.mezibuky.cz\/pl\/wp-json\/wp\/v2\/pages\/2819\/revisions\/2918"}],"wp:attachment":[{"href":"https:\/\/www.mezibuky.cz\/pl\/wp-json\/wp\/v2\/media?parent=2819"}],"curies":[{"name":"wp","href":"https:\/\/api.w.org\/{rel}","templated":true}]}}