{"id":2823,"date":"2017-12-02T06:33:50","date_gmt":"2017-12-02T05:33:50","guid":{"rendered":"https:\/\/www.mezibuky.cz\/kontakt\/"},"modified":"2024-01-21T15:07:54","modified_gmt":"2024-01-21T14:07:54","slug":"kontakt","status":"publish","type":"page","link":"https:\/\/www.mezibuky.cz\/pl\/kontakt\/","title":{"rendered":"Kontakt"},"content":{"rendered":"\t\t<div data-elementor-type=\"wp-post\" data-elementor-id=\"2823\" class=\"elementor elementor-2823 elementor-60\" data-elementor-post-type=\"page\">\n\t\t\t\t\t\t<section class=\"elementor-section elementor-top-section elementor-element elementor-element-42a0ce4b elementor-section-full_width elementor-section-height-default elementor-section-height-default\" data-id=\"42a0ce4b\" data-element_type=\"section\">\n\t\t\t\t\t\t<div class=\"elementor-container elementor-column-gap-no\">\n\t\t\t\t\t<div class=\"elementor-column elementor-col-100 elementor-top-column elementor-element elementor-element-70ea8222\" data-id=\"70ea8222\" data-element_type=\"column\">\n\t\t\t<div class=\"elementor-widget-wrap elementor-element-populated\">\n\t\t\t\t\t\t<div class=\"elementor-element elementor-element-93dc200 elementor-widget elementor-widget-themo-google-maps\" data-id=\"93dc200\" data-element_type=\"widget\" data-widget_type=\"themo-google-maps.default\">\n\t\t\t\t<div class=\"elementor-widget-container\">\n\t\t\t        <div class=\"container th-gmap-wrap\">\n            <div class=\"map-info\">\n                <h3>Kontakt<\/h3>\n                <div class='th-gmap-address'><p>Pensjonat Mezi Buky<br \/>\nCh\u0159ibsk\u00e1 198,<br \/>\n407 44 Ch\u0159ibsk\u00e1<\/p>\n<\/div>\n                <div class='th-gmap-hoursop'><p>Zobacz na <a href=\"https:\/\/goo.gl\/maps\/THt5F6MuRPDzaFa99\">Mapach Google<\/a> | <a href=\"https:\/\/mapy.cz\/s\/duheneveso\">Mapy.cz<\/a><\/p>\n<\/div>\n                                <div class=\"th-gmap-links\">\n                                            <a href=\"tel:+420%20775%20620%20848\">+420 775 620 848<\/a>\n                    \n                                            <a href=\"mailto:mezibuky@gmail.com\">mezibuky@gmail.com<\/a>\n                                    <\/div>\n                \n            <\/div>\n        <\/div>\n\n\t\t<div class=\"th-map\" id=\"th-map-1\" data-map-api=\"AIzaSyBnDRxDuC6Y09GZfXE2CRbF3CJSIC9DSqw\" data-map-latitude=\"50.8511171\" data-map-longitude=\"14.4742452\" data-map-zoom=\"18\" data-map-scroll=\"false\" data-map-style='[{\"featureType\":\"all\",\"elementType\":\"labels.text.fill\",\"stylers\":[{\"saturation\":36},{\"color\":\"#000000\"},{\"lightness\":40}]},{\"featureType\":\"all\",\"elementType\":\"labels.text.stroke\",\"stylers\":[{\"visibility\":\"on\"},{\"color\":\"#000000\"},{\"lightness\":16}]},{\"featureType\":\"all\",\"elementType\":\"labels.icon\",\"stylers\":[{\"visibility\":\"off\"}]},{\"featureType\":\"administrative\",\"elementType\":\"geometry.fill\",\"stylers\":[{\"color\":\"#000000\"},{\"lightness\":20}]},{\"featureType\":\"administrative\",\"elementType\":\"geometry.stroke\",\"stylers\":[{\"color\":\"#000000\"},{\"lightness\":17},{\"weight\":1.2}]},{\"featureType\":\"landscape\",\"elementType\":\"geometry\",\"stylers\":[{\"color\":\"#000000\"},{\"lightness\":20}]},{\"featureType\":\"poi\",\"elementType\":\"geometry\",\"stylers\":[{\"color\":\"#000000\"},{\"lightness\":21}]},{\"featureType\":\"road.highway\",\"elementType\":\"geometry.fill\",\"stylers\":[{\"color\":\"#000000\"},{\"lightness\":17}]},{\"featureType\":\"road.highway\",\"elementType\":\"geometry.stroke\",\"stylers\":[{\"color\":\"#000000\"},{\"lightness\":29},{\"weight\":0.2}]},{\"featureType\":\"road.arterial\",\"elementType\":\"geometry\",\"stylers\":[{\"color\":\"#000000\"},{\"lightness\":18}]},{\"featureType\":\"road.local\",\"elementType\":\"geometry\",\"stylers\":[{\"color\":\"#000000\"},{\"lightness\":16}]},{\"featureType\":\"transit\",\"elementType\":\"geometry\",\"stylers\":[{\"color\":\"#000000\"},{\"lightness\":19}]},{\"featureType\":\"water\",\"elementType\":\"geometry\",\"stylers\":[{\"color\":\"#000000\"},{\"lightness\":17}]}]'><\/div>\n\n\t\t\n\t\t\t\t<\/div>\n\t\t\t\t<\/div>\n\t\t\t\t\t<\/div>\n\t\t<\/div>\n\t\t\t\t\t<\/div>\n\t\t<\/section>\n\t\t\t\t<\/div>\n\t\t","protected":false},"excerpt":{"rendered":"<p>Kontakt Pensjonat Mezi Buky Ch\u0159ibsk\u00e1 198, 407 44 Ch\u0159ibsk\u00e1 Zobacz na Mapach Google | Mapy.cz +420 775 620 848 mezibuky@gmail.com<\/p>\n","protected":false},"author":1,"featured_media":0,"parent":0,"menu_order":9,"comment_status":"closed","ping_status":"closed","template":"","meta":{"_acf_changed":false,"_seopress_robots_primary_cat":"","_seopress_titles_title":"","_seopress_titles_desc":"Masz pytania lub uwagi? Potrzebujesz pomocy w nawigacji? W ka\u017cdej chwili mo\u017cesz do nas napisa\u0107 lub zadzwoni\u0107, ch\u0119tnie Ci doradzimy.","_seopress_robots_index":"","footnotes":""},"acf":[],"_links":{"self":[{"href":"https:\/\/www.mezibuky.cz\/pl\/wp-json\/wp\/v2\/pages\/2823"}],"collection":[{"href":"https:\/\/www.mezibuky.cz\/pl\/wp-json\/wp\/v2\/pages"}],"about":[{"href":"https:\/\/www.mezibuky.cz\/pl\/wp-json\/wp\/v2\/types\/page"}],"author":[{"embeddable":true,"href":"https:\/\/www.mezibuky.cz\/pl\/wp-json\/wp\/v2\/users\/1"}],"replies":[{"embeddable":true,"href":"https:\/\/www.mezibuky.cz\/pl\/wp-json\/wp\/v2\/comments?post=2823"}],"version-history":[{"count":1,"href":"https:\/\/www.mezibuky.cz\/pl\/wp-json\/wp\/v2\/pages\/2823\/revisions"}],"predecessor-version":[{"id":2824,"href":"https:\/\/www.mezibuky.cz\/pl\/wp-json\/wp\/v2\/pages\/2823\/revisions\/2824"}],"wp:attachment":[{"href":"https:\/\/www.mezibuky.cz\/pl\/wp-json\/wp\/v2\/media?parent=2823"}],"curies":[{"name":"wp","href":"https:\/\/api.w.org\/{rel}","templated":true}]}}